{"id":27,"date":"2017-10-13T16:48:14","date_gmt":"2017-10-13T14:48:14","guid":{"rendered":"http:\/\/bohemiapromotion.cz\/web\/spolecenske-akce-technika-pronajem-inventare\/"},"modified":"2017-10-16T09:18:07","modified_gmt":"2017-10-16T07:18:07","slug":"spolecenske-akce-technika-pronajem-inventare","status":"publish","type":"page","link":"https:\/\/bohemiapromotion.cz\/de\/spolecenske-akce-technika-pronajem-inventare\/","title":{"rendered":"Spole\u010densk\u00e9 akce, technika, pron\u00e1jem invent\u00e1\u0159e"},"content":{"rendered":"","protected":false},"excerpt":{"rendered":"","protected":false},"author":1,"featured_media":0,"parent":0,"menu_order":0,"comment_status":"closed","ping_status":"closed","template":"","meta":{"footnotes":""},"class_list":["post-27","page","type-page","status-publish","hentry"],"_links":{"self":[{"href":"https:\/\/bohemiapromotion.cz\/de\/wp-json\/wp\/v2\/pages\/27","targetHints":{"allow":["GET"]}}],"collection":[{"href":"https:\/\/bohemiapromotion.cz\/de\/wp-json\/wp\/v2\/pages"}],"about":[{"href":"https:\/\/bohemiapromotion.cz\/de\/wp-json\/wp\/v2\/types\/page"}],"author":[{"embeddable":true,"href":"https:\/\/bohemiapromotion.cz\/de\/wp-json\/wp\/v2\/users\/1"}],"replies":[{"embeddable":true,"href":"https:\/\/bohemiapromotion.cz\/de\/wp-json\/wp\/v2\/comments?post=27"}],"version-history":[{"count":1,"href":"https:\/\/bohemiapromotion.cz\/de\/wp-json\/wp\/v2\/pages\/27\/revisions"}],"predecessor-version":[{"id":30,"href":"https:\/\/bohemiapromotion.cz\/de\/wp-json\/wp\/v2\/pages\/27\/revisions\/30"}],"wp:attachment":[{"href":"https:\/\/bohemiapromotion.cz\/de\/wp-json\/wp\/v2\/media?parent=27"}],"curies":[{"name":"wp","href":"https:\/\/api.w.org\/{rel}","templated":true}]}}